{"id":11,"date":"2014-11-11T11:14:05","date_gmt":"2014-11-11T11:14:05","guid":{"rendered":"http:\/\/anpsthemes.com\/constructo\/?page_id=11"},"modified":"2025-11-28T23:32:25","modified_gmt":"2025-11-28T20:32:25","slug":"about-us","status":"publish","type":"page","link":"https:\/\/www.wapakuu.com\/?page_id=11","title":{"rendered":"HAKKIMIZDA"},"content":{"rendered":"<p>[vc_row][vc_column width=&#8221;1\/2&#8243;][vc_single_image image=&#8221;826&#8243; img_size=&#8221;medium&#8221; alignment=&#8221;center&#8221; css_animation=&#8221;fadeInLeft&#8221; css=&#8221;.vc_custom_1744845492544{margin-top: 30px !important;}&#8221;][\/vc_column][vc_column width=&#8221;1\/2&#8243;][vc_empty_space height=&#8221;20px&#8221;][vc_text_separator title=&#8221;Hakk\u0131m\u0131zda&#8221; color=&#8221;black&#8221;][vc_empty_space height=&#8221;20px&#8221;][vc_column_text]D\u00fcnyan\u0131n incisi, \u00fclkemizin en g\u00f6zde tatil beldelerinden Marmaris &#8211; \u0130\u00e7meler&#8217;de konuklar\u0131m\u0131z\u0131n aile ve arkada\u015flar\u0131yla keyifli bir deneyim ya\u015fayabilmesi i\u00e7in g\u00fcl\u00fcmseyen y\u00fcz\u00fcm\u00fcz ve her \u015feyden \u00fcst\u00fcn tuttu\u011fumuz misafir memnuniyeti ilkesine ba\u011fl\u0131 kalarak 2018&#8217;den bu yana hayat\u0131n\u0131za en tatl\u0131 an\u0131lar katan mutluluklar sunuyoruz.<\/p>\n<p>Wapakuu ailesi olarak sizler i\u00e7in \u00f6zenle se\u00e7ip tercih etti\u011fimiz, en kaliteli, en \u00f6zel, i\u00e7imizdeki sevgi ve meslek a\u015fk\u0131 ile yo\u011frulmu\u015f, her biri bizim i\u00e7in bir tutku olan sizlere daima mutluluk verecek tatlar sunuyoruz.<br \/>\nYenilenen konseptimizle her ziyaretinizde kendinizi modern, s\u0131cak ve rahat atmosferimizde sevdiklerinizle sohbet ederken, g\u00fcnl\u00fck ko\u015fu\u015fturmacadan uzakla\u015fabilir, kendinizi \u00f6zel hissedebilirsiniz.<\/p>\n<p>\u00d6zenle se\u00e7ilmi\u015f kahve \u00e7ekirdekleriyle haz\u0131rlanan s\u0131cak ve so\u011fuk kahve \u00e7e\u015fitlerimiz, yaz\u0131n b\u00fcy\u00fcs\u00fcn\u00fc yakalayan \u00e7\u0131lg\u0131n i\u00e7eceklerimiz, taptaze mevsim meyveleri ve re\u00e7etelerimize uygun tercih edilen \u00e7ikolata \u00e7e\u015fitlerimiz, wapakuu lezzet kalitesi denemeleri sonucunda senelerin verdi\u011fi tecr\u00fcbe ile yo\u011frulmu\u015f ve re\u00e7etelenmi\u015f hamurlardan taze pi\u015firilmi\u015f waffle, pancake ve krep sunumlar\u0131m\u0131z yan\u0131nda her dama\u011fa hitap eden tatlar\u0131m\u0131zla , sizi s\u0131radanl\u0131ktan uzak bir yolculu\u011fa \u00e7\u0131kar\u0131yoruz.<\/p>\n<p>Hayat\u0131n h\u0131z\u0131na ayak uydururken, bir mola vermek ve keyifli bir deneyim ya\u015famak isteyenlerin daimi adresi Wapakuu Coffee &amp; Dessert olarak sizi her zaman g\u00fcl\u00fcmseyen y\u00fcz\u00fcm\u00fczle a\u011f\u0131rlamaktan mutluluk duyaca\u011f\u0131z.<br \/>\nY\u00fcz\u00fcn\u00fczden g\u00fcl\u00fcc\u00fckler, kalbinizden Wapakuu sevgisi eksik olmas\u0131n. Sizi seviyoruz ve sa\u011fl\u0131kl\u0131, mutlu ve keyifli nice g\u00fczel g\u00fcnlerde sizleri aram\u0131zda g\u00f6rmeyi \u00f6zlemle bekliyoruz.[\/vc_column_text][\/vc_column][\/vc_row][vc_row css=&#8221;.vc_custom_1528673138891{margin-top: 30px !important;}&#8221;][vc_column width=&#8221;1\/2&#8243;][vc_text_separator title=&#8221;Vizyonumuz&#8221; color=&#8221;black&#8221;][vc_empty_space][vc_column_text css_animation=&#8221;fadeInDown&#8221;]<\/p>\n<p class=\"vc_custom_heading\"><b>WAPAKUU COFFE <\/b>firmas\u0131n\u0131n\u00a0amac\u0131 her zaman ve her yerde m\u00fc\u015fteri odakl\u0131, entegre ileti\u015fim \u00e7\u00f6z\u00fcmleri ile m\u00fc\u015fterilerine h\u0131zl\u0131, kaliteli, ekonomik hizmetler sunmakt\u0131r. Modern ve teknolojik ara\u00e7lar ile m\u00fc\u015fterilerimizi gelece\u011fe ta\u015f\u0131yan en do\u011fru adres olmay\u0131 ama\u00e7lamaktay\u0131z.<\/p>\n<p>[\/vc_column_text][\/vc_column][vc_column width=&#8221;1\/2&#8243;][vc_text_separator title=&#8221;Misyonumuz&#8221; color=&#8221;black&#8221;][vc_empty_space][vc_column_text css_animation=&#8221;fadeInDown&#8221;]Faaliyette bulundu\u011fumuz sekt\u00f6rlerde; bireye ve topluma sayg\u0131l\u0131, hukuka, ekonomik ve ahlaki ilkelere ba\u011fl\u0131, sa\u011fl\u0131k, emniyet ve \u00e7evreye duyarl\u0131 olarak m\u00fc\u015fterilerimizin beklentilerini en \u00fcst seviyede kar\u015f\u0131lamay\u0131 ama\u00e7lamaktay\u0131z.[\/vc_column_text][\/vc_column][\/vc_row]<\/p>","protected":false},"excerpt":{"rendered":"<p>[vc_row][vc_column width=&#8221;1\/2&#8243;][vc_single_image image=&#8221;826&#8243; img_size=&#8221;medium&#8221; alignment=&#8221;center&#8221; css_animation=&#8221;fadeInLeft&#8221; css=&#8221;.vc_custom_1744845492544{margin-top: 30px !important;}&#8221;][\/vc_column][vc_column width=&#8221;1\/2&#8243;][vc_empty_space height=&#8221;20px&#8221;][vc_text_separator title=&#8221;Hakk\u0131m\u0131zda&#8221; color=&#8221;black&#8221;][vc_empty_space height=&#8221;20px&#8221;][vc_column_text]D\u00fcnyan\u0131n incisi, \u00fclkemizin en g\u00f6zde tatil beldelerinden Marmaris &#8211; \u0130\u00e7meler&#8217;de konuklar\u0131m\u0131z\u0131n aile ve arkada\u015flar\u0131yla keyifli bir deneyim ya\u015fayabilmesi i\u00e7in g\u00fcl\u00fcmseyen y\u00fcz\u00fcm\u00fcz ve her \u015feyden \u00fcst\u00fcn tuttu\u011fumuz misafir&#8230;<\/p>\n","protected":false},"author":1,"featured_media":0,"parent":0,"menu_order":0,"comment_status":"open","ping_status":"open","template":"","meta":{"pgc_sgb_lightbox_settings":"","footnotes":""},"class_list":["post-11","page","type-page","status-publish","hentry"],"_links":{"self":[{"href":"https:\/\/www.wapakuu.com\/index.php?rest_route=\/wp\/v2\/pages\/11","targetHints":{"allow":["GET"]}}],"collection":[{"href":"https:\/\/www.wapakuu.com\/index.php?rest_route=\/wp\/v2\/pages"}],"about":[{"href":"https:\/\/www.wapakuu.com\/index.php?rest_route=\/wp\/v2\/types\/page"}],"author":[{"embeddable":true,"href":"https:\/\/www.wapakuu.com\/index.php?rest_route=\/wp\/v2\/users\/1"}],"replies":[{"embeddable":true,"href":"https:\/\/www.wapakuu.com\/index.php?rest_route=%2Fwp%2Fv2%2Fcomments&post=11"}],"version-history":[{"count":5,"href":"https:\/\/www.wapakuu.com\/index.php?rest_route=\/wp\/v2\/pages\/11\/revisions"}],"predecessor-version":[{"id":961,"href":"https:\/\/www.wapakuu.com\/index.php?rest_route=\/wp\/v2\/pages\/11\/revisions\/961"}],"wp:attachment":[{"href":"https:\/\/www.wapakuu.com\/index.php?rest_route=%2Fwp%2Fv2%2Fmedia&parent=11"}],"curies":[{"name":"wp","href":"https:\/\/api.w.org\/{rel}","templated":true}]}}